{"id":12982,"date":"2023-01-11T14:11:41","date_gmt":"2023-01-11T12:11:41","guid":{"rendered":"https:\/\/montefiore.eu\/equipe\/"},"modified":"2026-04-09T14:51:02","modified_gmt":"2026-04-09T12:51:02","slug":"equipe","status":"publish","type":"page","link":"https:\/\/montefiore.eu\/es\/nuestro-equipo\/","title":{"rendered":"Nuestro equipo"},"content":{"rendered":"[vc_row type=\u00bbfull_width_background\u00bb full_screen_row_position=\u00bbmiddle\u00bb column_margin=\u00bbdefault\u00bb column_direction=\u00bbdefault\u00bb column_direction_tablet=\u00bbdefault\u00bb column_direction_phone=\u00bbdefault\u00bb bg_color=\u00bb#20262f\u00bb bg_image=\u00bb5336&#8243; bg_position=\u00bbcenter center\u00bb background_image_loading=\u00bbdefault\u00bb bg_repeat=\u00bbno-repeat\u00bb scene_position=\u00bbcenter\u00bb top_padding=\u00bb18%\u00bb bottom_padding=\u00bb3%\u00bb bottom_padding_phone=\u00bb40&#8243; text_color=\u00bblight\u00bb text_align=\u00bbleft\u00bb row_border_radius=\u00bbnone\u00bb row_border_radius_applies=\u00bbbg\u00bb overflow=\u00bbvisible\u00bb enable_gradient=\u00bbtrue\u00bb color_overlay=\u00bbrgba(158,27,13,0.68)\u00bb color_overlay_2=\u00bbrgba(32,38,47,0.95)\u00bb overlay_strength=\u00bb0.8&#8243; gradient_direction=\u00bbleft_t_to_right_b\u00bb shape_divider_position=\u00bbbottom\u00bb bg_image_animation=\u00bbnone\u00bb parallax_bg=\u00bbtrue\u00bb parallax_bg_speed=\u00bbmedium\u00bb gradient_type=\u00bbdefault\u00bb shape_type=\u00bb\u00bb][vc_column column_padding=\u00bbno-extra-padding\u00bb column_padding_tablet=\u00bbinherit\u00bb column_padding_phone=\u00bbinherit\u00bb column_padding_position=\u00bball\u00bb column_element_direction_desktop=\u00bbdefault\u00bb column_element_spacing=\u00bbdefault\u00bb desktop_text_alignment=\u00bbdefault\u00bb tablet_text_alignment=\u00bbdefault\u00bb phone_text_alignment=\u00bbdefault\u00bb background_color_opacity=\u00bb1&#8243; background_hover_color_opacity=\u00bb1&#8243; column_backdrop_filter=\u00bbnone\u00bb column_shadow=\u00bbnone\u00bb column_border_radius=\u00bbnone\u00bb column_link_target=\u00bb_self\u00bb column_position=\u00bbdefault\u00bb gradient_direction=\u00bbleft_to_right\u00bb overlay_strength=\u00bb0.3&#8243; width=\u00bb1\/1&#8243; tablet_width_inherit=\u00bbdefault\u00bb animation_type=\u00bbdefault\u00bb bg_image_animation=\u00bbnone\u00bb border_type=\u00bbsimple\u00bb column_border_width=\u00bbnone\u00bb column_border_style=\u00bbsolid\u00bb][vc_row_inner column_margin=\u00bbdefault\u00bb column_direction=\u00bbdefault\u00bb column_direction_tablet=\u00bbdefault\u00bb column_direction_phone=\u00bbdefault\u00bb text_align=\u00bbleft\u00bb row_position=\u00bbdefault\u00bb row_position_tablet=\u00bbinherit\u00bb row_position_phone=\u00bbinherit\u00bb zindex=\u00bb10&#8243; overflow=\u00bbvisible\u00bb pointer_events=\u00bball\u00bb][vc_column_inner column_padding=\u00bbno-extra-padding\u00bb column_padding_tablet=\u00bbinherit\u00bb column_padding_phone=\u00bbinherit\u00bb column_padding_position=\u00bball\u00bb column_element_direction_desktop=\u00bbdefault\u00bb column_element_spacing=\u00bbdefault\u00bb desktop_text_alignment=\u00bbdefault\u00bb tablet_text_alignment=\u00bbdefault\u00bb phone_text_alignment=\u00bbdefault\u00bb background_color_opacity=\u00bb1&#8243; background_hover_color_opacity=\u00bb1&#8243; column_backdrop_filter=\u00bbnone\u00bb column_shadow=\u00bbnone\u00bb column_border_radius=\u00bbnone\u00bb column_link_target=\u00bb_self\u00bb overflow=\u00bbvisible\u00bb gradient_direction=\u00bbleft_to_right\u00bb overlay_strength=\u00bb0.3&#8243; width=\u00bb1\/1&#8243; tablet_width_inherit=\u00bbdefault\u00bb animation_type=\u00bbdefault\u00bb bg_image_animation=\u00bbnone\u00bb border_type=\u00bbsimple\u00bb column_border_width=\u00bbnone\u00bb column_border_style=\u00bbsolid\u00bb column_padding_type=\u00bbdefault\u00bb gradient_type=\u00bbdefault\u00bb][nectar_responsive_text inherited_font_style=\u00bbdefault\u00bb class_name=\u00bbuppercase\u00bb text_direction=\u00bbdefault\u00bb]Qui\u00e9nes somos[\/nectar_responsive_text][\/vc_column_inner][\/vc_row_inner][vc_row_inner column_margin=\u00bbdefault\u00bb column_direction=\u00bbdefault\u00bb column_direction_tablet=\u00bbdefault\u00bb column_direction_phone=\u00bbdefault\u00bb top_padding=\u00bb10&#8243; text_align=\u00bbleft\u00bb row_position=\u00bbdefault\u00bb row_position_tablet=\u00bbinherit\u00bb row_position_phone=\u00bbinherit\u00bb zindex=\u00bb10&#8243; overflow=\u00bbvisible\u00bb pointer_events=\u00bball\u00bb][vc_column_inner column_padding=\u00bbno-extra-padding\u00bb column_padding_tablet=\u00bbinherit\u00bb column_padding_phone=\u00bbinherit\u00bb column_padding_position=\u00bball\u00bb column_element_direction_desktop=\u00bbdefault\u00bb column_element_spacing=\u00bbdefault\u00bb desktop_text_alignment=\u00bbdefault\u00bb tablet_text_alignment=\u00bbdefault\u00bb phone_text_alignment=\u00bbdefault\u00bb background_color_opacity=\u00bb1&#8243; background_hover_color_opacity=\u00bb1&#8243; column_backdrop_filter=\u00bbnone\u00bb column_shadow=\u00bbnone\u00bb column_border_radius=\u00bbnone\u00bb column_link_target=\u00bb_self\u00bb overflow=\u00bbvisible\u00bb gradient_direction=\u00bbleft_to_right\u00bb overlay_strength=\u00bb0.3&#8243; width=\u00bb1\/1&#8243; tablet_width_inherit=\u00bbdefault\u00bb animation_type=\u00bbdefault\u00bb bg_image_animation=\u00bbnone\u00bb border_type=\u00bbsimple\u00bb column_border_width=\u00bbnone\u00bb column_border_style=\u00bbsolid\u00bb column_padding_type=\u00bbdefault\u00bb gradient_type=\u00bbdefault\u00bb][nectar_responsive_text inherited_font_style=\u00bbdefault\u00bb font_size_desktop=\u00bb42&#8243; class_name=\u00bbuppercase\u00bb font_line_height=\u00bb1&#8243; font_size_phone=\u00bb38&#8243; text_direction=\u00bbdefault\u00bb]\n<h1>Nuestro equipo<\/h1>\n[\/nectar_responsive_text][\/vc_column_inner][\/vc_row_inner][\/vc_column][\/vc_row][vc_row type=\u00bbfull_width_background\u00bb full_screen_row_position=\u00bbmiddle\u00bb column_margin=\u00bbdefault\u00bb column_direction=\u00bbdefault\u00bb column_direction_tablet=\u00bbdefault\u00bb column_direction_phone=\u00bbdefault\u00bb bg_image=\u00bb5476&#8243; bg_position=\u00bbcenter bottom\u00bb background_image_loading=\u00bbdefault\u00bb bg_repeat=\u00bbno-repeat\u00bb scene_position=\u00bbcenter\u00bb top_padding=\u00bb20&#8243; constrain_group_1=\u00bbyes\u00bb bottom_padding=\u00bb20&#8243; text_color=\u00bbdark\u00bb text_align=\u00bbleft\u00bb row_border_radius=\u00bbnone\u00bb row_border_radius_applies=\u00bbbg\u00bb overflow=\u00bbvisible\u00bb overlay_strength=\u00bb0.3&#8243; gradient_direction=\u00bbleft_to_right\u00bb shape_divider_position=\u00bbbottom\u00bb bg_image_animation=\u00bbnone\u00bb parallax_bg=\u00bbtrue\u00bb parallax_bg_speed=\u00bbmedium\u00bb gradient_type=\u00bbdefault\u00bb shape_type=\u00bb\u00bb][vc_column column_padding=\u00bbno-extra-padding\u00bb column_padding_tablet=\u00bbinherit\u00bb column_padding_phone=\u00bbinherit\u00bb column_padding_position=\u00bball\u00bb column_element_direction_desktop=\u00bbdefault\u00bb column_element_spacing=\u00bbdefault\u00bb desktop_text_alignment=\u00bbdefault\u00bb tablet_text_alignment=\u00bbdefault\u00bb phone_text_alignment=\u00bbdefault\u00bb background_color_opacity=\u00bb1&#8243; background_hover_color_opacity=\u00bb1&#8243; column_backdrop_filter=\u00bbnone\u00bb column_shadow=\u00bbnone\u00bb column_border_radius=\u00bbnone\u00bb column_link_target=\u00bb_self\u00bb column_position=\u00bbdefault\u00bb gradient_direction=\u00bbleft_to_right\u00bb overlay_strength=\u00bb0.3&#8243; width=\u00bb1\/1&#8243; tablet_width_inherit=\u00bbdefault\u00bb animation_type=\u00bbdefault\u00bb bg_image_animation=\u00bbnone\u00bb border_type=\u00bbsimple\u00bb column_border_width=\u00bbnone\u00bb column_border_style=\u00bbsolid\u00bb][\/vc_column][\/vc_row][vc_row type=\u00bbfull_width_background\u00bb full_screen_row_position=\u00bbmiddle\u00bb column_margin=\u00bbdefault\u00bb column_direction=\u00bbdefault\u00bb column_direction_tablet=\u00bbdefault\u00bb column_direction_phone=\u00bbdefault\u00bb bg_color=\u00bb#ffffff\u00bb scene_position=\u00bbcenter\u00bb top_padding=\u00bb5%\u00bb bottom_padding=\u00bb3%\u00bb text_color=\u00bbdark\u00bb text_align=\u00bbleft\u00bb row_border_radius=\u00bbnone\u00bb row_border_radius_applies=\u00bbbg\u00bb overflow=\u00bbvisible\u00bb id=\u00bbchoices\u00bb enable_gradient=\u00bbtrue\u00bb color_overlay=\u00bb#ffffff\u00bb color_overlay_2=\u00bbrgba(255,255,255,0.2)\u00bb overlay_strength=\u00bb1&#8243; gradient_direction=\u00bbtop_to_bottom\u00bb shape_divider_position=\u00bbbottom\u00bb bg_image_animation=\u00bbnone\u00bb parallax_bg=\u00bbtrue\u00bb parallax_bg_speed=\u00bbfast\u00bb gradient_type=\u00bbdefault\u00bb shape_type=\u00bb\u00bb][vc_column column_padding=\u00bbno-extra-padding\u00bb column_padding_tablet=\u00bbinherit\u00bb column_padding_phone=\u00bbinherit\u00bb column_padding_position=\u00bball\u00bb column_element_direction_desktop=\u00bbdefault\u00bb column_element_spacing=\u00bbdefault\u00bb desktop_text_alignment=\u00bbdefault\u00bb tablet_text_alignment=\u00bbdefault\u00bb phone_text_alignment=\u00bbdefault\u00bb background_color_opacity=\u00bb1&#8243; background_hover_color_opacity=\u00bb1&#8243; column_backdrop_filter=\u00bbnone\u00bb column_shadow=\u00bbnone\u00bb column_border_radius=\u00bbnone\u00bb column_link_target=\u00bb_self\u00bb column_position=\u00bbdefault\u00bb gradient_direction=\u00bbleft_to_right\u00bb overlay_strength=\u00bb0.3&#8243; width=\u00bb1\/1&#8243; tablet_width_inherit=\u00bbdefault\u00bb animation_type=\u00bbdefault\u00bb bg_image_animation=\u00bbnone\u00bb border_type=\u00bbsimple\u00bb column_border_width=\u00bbnone\u00bb column_border_style=\u00bbsolid\u00bb][vc_row_inner column_margin=\u00bbdefault\u00bb column_direction=\u00bbdefault\u00bb column_direction_tablet=\u00bbdefault\u00bb column_direction_phone=\u00bbdefault\u00bb text_align=\u00bbleft\u00bb row_position=\u00bbdefault\u00bb row_position_tablet=\u00bbinherit\u00bb row_position_phone=\u00bbinherit\u00bb overflow=\u00bbvisible\u00bb pointer_events=\u00bball\u00bb][vc_column_inner column_padding=\u00bbno-extra-padding\u00bb column_padding_tablet=\u00bbinherit\u00bb column_padding_phone=\u00bbinherit\u00bb column_padding_position=\u00bball\u00bb column_element_direction_desktop=\u00bbdefault\u00bb column_element_spacing=\u00bbdefault\u00bb desktop_text_alignment=\u00bbdefault\u00bb tablet_text_alignment=\u00bbdefault\u00bb phone_text_alignment=\u00bbdefault\u00bb background_color_opacity=\u00bb1&#8243; background_hover_color_opacity=\u00bb1&#8243; column_backdrop_filter=\u00bbnone\u00bb column_shadow=\u00bbnone\u00bb column_border_radius=\u00bbnone\u00bb column_link_target=\u00bb_self\u00bb overflow=\u00bbvisible\u00bb gradient_direction=\u00bbleft_to_right\u00bb overlay_strength=\u00bb0.3&#8243; width=\u00bb1\/3&#8243; tablet_width_inherit=\u00bbdefault\u00bb animation_type=\u00bbdefault\u00bb bg_image_animation=\u00bbnone\u00bb border_type=\u00bbsimple\u00bb column_border_width=\u00bbnone\u00bb column_border_style=\u00bbsolid\u00bb column_padding_type=\u00bbdefault\u00bb gradient_type=\u00bbdefault\u00bb][nectar_responsive_text inherited_font_style=\u00bbdefault\u00bb font_size_desktop=\u00bb24&#8243; font_line_height=\u00bb1.6&#8243; font_size_phone=\u00bb22px\u00bb text_direction=\u00bbdefault\u00bb]\n<h2>Excelencia, amabilidad y agilidad.<br \/>\nExperiencia internacional.<br \/>\nCultura emprendedora.<\/h2>\n[\/nectar_responsive_text][\/vc_column_inner][vc_column_inner column_padding=\u00bbno-extra-padding\u00bb column_padding_tablet=\u00bbinherit\u00bb column_padding_phone=\u00bbno-extra-padding\u00bb column_padding_position=\u00bbleft-right\u00bb column_element_direction_desktop=\u00bbdefault\u00bb column_element_spacing=\u00bbdefault\u00bb desktop_text_alignment=\u00bbdefault\u00bb tablet_text_alignment=\u00bbdefault\u00bb phone_text_alignment=\u00bbdefault\u00bb background_color_opacity=\u00bb1&#8243; background_hover_color_opacity=\u00bb1&#8243; column_backdrop_filter=\u00bbnone\u00bb column_shadow=\u00bbnone\u00bb column_border_radius=\u00bbnone\u00bb column_link_target=\u00bb_self\u00bb overflow=\u00bbvisible\u00bb gradient_direction=\u00bbleft_to_right\u00bb overlay_strength=\u00bb0.3&#8243; width=\u00bb2\/3&#8243; tablet_width_inherit=\u00bbdefault\u00bb animation_type=\u00bbdefault\u00bb enable_animation=\u00bbtrue\u00bb animation=\u00bbfade-in-from-left\u00bb animation_easing=\u00bbdefault\u00bb bg_image_animation=\u00bbnone\u00bb border_type=\u00bbsimple\u00bb column_border_width=\u00bbnone\u00bb column_border_style=\u00bbsolid\u00bb column_padding_type=\u00bbdefault\u00bb gradient_type=\u00bbdefault\u00bb][vc_column_text css=\u00bb\u00bb text_direction=\u00bbdefault\u00bb]En Montefiore, valoramos la riqueza de la trayectoria de cada colaborador. Nuestro equipo, internacional y complementario, destaca adem\u00e1s por la diversidad y la riqueza de sus conocimientos especializados. Cada uno de nuestros colaboradores aporta su propio valor a\u00f1adido, que se nutre, en particular, de sus experiencias profesionales en todo el mundo.<\/p>\n<p>Enriquecidos por la personalidad de cada uno y por nuestra heterogeneidad, los valores del <a href=\"https:\/\/montefiore.eu\/es\/el-espiritu-montefiore\/\">Esp\u00edritu Montefiore<\/a> nos unen. En el d\u00eda a d\u00eda, fomentamos el intercambio de ideas que genera una emulaci\u00f3n fruct\u00edfera, un caldo de cultivo propicio para la creatividad al servicio de las estrategias y los resultados.<\/p>\n<p>Juntos, tomamos las decisiones acertadas.[\/vc_column_text][\/vc_column_inner][\/vc_row_inner][\/vc_column][\/vc_row][vc_row type=\u00bbfull_width_background\u00bb full_screen_row_position=\u00bbmiddle\u00bb column_margin=\u00bbdefault\u00bb column_direction=\u00bbdefault\u00bb column_direction_tablet=\u00bbdefault\u00bb column_direction_phone=\u00bbdefault\u00bb bg_color=\u00bb#ffffff\u00bb scene_position=\u00bbcenter\u00bb top_margin=\u00bb30&#8243; text_color=\u00bbdark\u00bb text_align=\u00bbleft\u00bb row_border_radius=\u00bbnone\u00bb row_border_radius_applies=\u00bbbg\u00bb overflow=\u00bbvisible\u00bb id=\u00bbchoices\u00bb enable_gradient=\u00bbtrue\u00bb color_overlay=\u00bb#ffffff\u00bb color_overlay_2=\u00bbrgba(255,255,255,0.2)\u00bb overlay_strength=\u00bb1&#8243; gradient_direction=\u00bbtop_to_bottom\u00bb shape_divider_position=\u00bbbottom\u00bb bg_image_animation=\u00bbnone\u00bb parallax_bg=\u00bbtrue\u00bb parallax_bg_speed=\u00bbfast\u00bb gradient_type=\u00bbdefault\u00bb shape_type=\u00bb\u00bb][vc_column column_padding=\u00bbno-extra-padding\u00bb column_padding_tablet=\u00bbinherit\u00bb column_padding_phone=\u00bbinherit\u00bb column_padding_position=\u00bball\u00bb column_element_direction_desktop=\u00bbdefault\u00bb column_element_spacing=\u00bbdefault\u00bb desktop_text_alignment=\u00bbdefault\u00bb tablet_text_alignment=\u00bbdefault\u00bb phone_text_alignment=\u00bbdefault\u00bb background_color_opacity=\u00bb1&#8243; background_hover_color_opacity=\u00bb1&#8243; column_backdrop_filter=\u00bbnone\u00bb column_shadow=\u00bbnone\u00bb column_border_radius=\u00bbnone\u00bb column_link_target=\u00bb_self\u00bb column_position=\u00bbdefault\u00bb gradient_direction=\u00bbleft_to_right\u00bb overlay_strength=\u00bb0.3&#8243; width=\u00bb1\/1&#8243; tablet_width_inherit=\u00bbdefault\u00bb animation_type=\u00bbdefault\u00bb bg_image_animation=\u00bbnone\u00bb border_type=\u00bbsimple\u00bb column_border_width=\u00bbnone\u00bb column_border_style=\u00bbsolid\u00bb][salient_filter_widget cpt_name=\u00bbportfolio\u00bb salient_filter_data=\u00bb%5B%7B%22filter_taxonomy_by_name%22%3A%22Equipo%22%2C%22filter_taxonomy_by%22%3A%22project-type%22%2C%22taxonomy_project-type%22%3A%2214%2C%2031%2C%2032%2C%20248%22%7D%2C%7B%22filter_taxonomy_by_name%22%3A%22Oficina%22%2C%22filter_taxonomy_by%22%3A%22project-type%22%2C%22taxonomy_project-type%22%3A%2235%2C%2036%2C%20251%22%7D%5D\u00bb search_query=\u00bbtrue\u00bb css_class_name=\u00bbcustom-filters\u00bb choose_search_query_name=\u00bbBuscar\u00bb][\/vc_column][\/vc_row][vc_row type=\u00bbfull_width_content\u00bb full_screen_row_position=\u00bbmiddle\u00bb column_margin=\u00bbdefault\u00bb column_direction=\u00bbdefault\u00bb column_direction_tablet=\u00bbdefault\u00bb column_direction_phone=\u00bbdefault\u00bb scene_position=\u00bbcenter\u00bb top_padding=\u00bb30&#8243; bottom_padding=\u00bb5%\u00bb constrain_group_2=\u00bbyes\u00bb text_color=\u00bbdark\u00bb text_align=\u00bbleft\u00bb row_border_radius=\u00bbnone\u00bb row_border_radius_applies=\u00bbbg\u00bb overflow=\u00bbvisible\u00bb overlay_strength=\u00bb0.3&#8243; gradient_direction=\u00bbleft_to_right\u00bb shape_divider_position=\u00bbbottom\u00bb bg_image_animation=\u00bbnone\u00bb gradient_type=\u00bbdefault\u00bb shape_type=\u00bb\u00bb][vc_column column_padding=\u00bbno-extra-padding\u00bb column_padding_tablet=\u00bbinherit\u00bb column_padding_phone=\u00bbinherit\u00bb column_padding_position=\u00bball\u00bb column_element_direction_desktop=\u00bbdefault\u00bb column_element_spacing=\u00bbdefault\u00bb desktop_text_alignment=\u00bbdefault\u00bb tablet_text_alignment=\u00bbdefault\u00bb phone_text_alignment=\u00bbdefault\u00bb background_color_opacity=\u00bb1&#8243; background_hover_color_opacity=\u00bb1&#8243; column_backdrop_filter=\u00bbnone\u00bb column_shadow=\u00bbnone\u00bb column_border_radius=\u00bbnone\u00bb column_link_target=\u00bb_self\u00bb column_position=\u00bbdefault\u00bb gradient_direction=\u00bbleft_to_right\u00bb overlay_strength=\u00bb0.3&#8243; width=\u00bb1\/1&#8243; tablet_width_inherit=\u00bbdefault\u00bb animation_type=\u00bbdefault\u00bb bg_image_animation=\u00bbnone\u00bb border_type=\u00bbsimple\u00bb column_border_width=\u00bbnone\u00bb column_border_style=\u00bbsolid\u00bb][nectar_post_grid post_type=\u00bbportfolio\u00bb portfolio_category=\u00bbequipo\u00bb portfolio_starting_category=\u00bball\u00bb order=\u00bbASC\u00bb orderby=\u00bbtitle\u00bb pagination=\u00bbnone\u00bb columns=\u00bb4&#8243; columns_tablet=\u00bbdefault\u00bb columns_phone=\u00bbdefault\u00bb grid_item_spacing=\u00bb10px\u00bb grid_item_height=\u00bb40vh\u00bb 4_col_masonry_layout=\u00bbdefault\u00bb image_size=\u00bblarge\u00bb image_loading=\u00bbdefault\u00bb animation=\u00bbfade-in-from-bottom\u00bb animation_stagger=\u00bb90&#8243; animation_easing=\u00bbdefault\u00bb heading_tag=\u00bbdefault\u00bb category_position=\u00bbdefault\u00bb display_excerpt=\u00bbyes\u00bb excerpt_display=\u00bbdefault\u00bb additional_meta_size=\u00bbdefault\u00bb custom_fields_location=\u00bbbefore_post_meta\u00bb grid_style=\u00bbcontent_overlaid\u00bb text_content_layout=\u00bball_bottom_left_shadow\u00bb color_overlay=\u00bb#000000&#8243; color_overlay_opacity=\u00bb0&#8243; color_overlay_hover_opacity=\u00bb0.1&#8243; text_color=\u00bblight\u00bb text_color_hover=\u00bblight\u00bb text_opacity=\u00bb1&#8243; text_hover_opacity=\u00bb1&#8243; hover_effect=\u00bbanimated_underline\u00bb border_radius=\u00bbnone\u00bb custom_font_size=\u00bb20px\u00bb display_type=\u00bbgrid\u00bb css_class_name=\u00bbcustom-filters\u00bb][\/vc_column][\/vc_row]\n","protected":false},"excerpt":{"rendered":"<p>[vc_row type=\u00bbfull_width_background\u00bb full_screen_row_position=\u00bbmiddle\u00bb column_margin=\u00bbdefault\u00bb column_direction=\u00bbdefault\u00bb column_direction_tablet=\u00bbdefault\u00bb column_direction_phone=\u00bbdefault\u00bb bg_color=\u00bb#20262f\u00bb bg_image=\u00bb5336&#8243; bg_position=\u00bbcenter center\u00bb background_image_loading=\u00bbdefault\u00bb bg_repeat=\u00bbno-repeat\u00bb scene_position=\u00bbcenter\u00bb top_padding=\u00bb18%\u00bb bottom_padding=\u00bb3%\u00bb bottom_padding_phone=\u00bb40&#8243; text_color=\u00bblight\u00bb text_align=\u00bbleft\u00bb row_border_radius=\u00bbnone\u00bb row_border_radius_applies=\u00bbbg\u00bb overflow=\u00bbvisible\u00bb enable_gradient=\u00bbtrue\u00bb color_overlay=\u00bbrgba(158,27,13,0.68)\u00bb color_overlay_2=\u00bbrgba(32,38,47,0.95)\u00bb overlay_strength=\u00bb0.8&#8243; gradient_direction=\u00bbleft_t_to_right_b\u00bb shape_divider_position=\u00bbbottom\u00bb bg_image_animation=\u00bbnone\u00bb parallax_bg=\u00bbtrue\u00bb&#8230;<\/p>\n","protected":false},"author":1,"featured_media":0,"parent":0,"menu_order":0,"comment_status":"closed","ping_status":"closed","template":"","meta":{"footnotes":""},"class_list":["post-12982","page","type-page","status-publish"],"yoast_head":"<!-- This site is optimized with the Yoast SEO plugin v27.3 - https:\/\/yoast.com\/product\/yoast-seo-wordpress\/ -->\n<title>Nuestro equipo - Montefiore Investment<\/title>\n<meta name=\"description\" content=\"Internationale et compl\u00e9mentaire, notre \u00e9quipe se distingue par la diversit\u00e9 et la richesse de ses expertises.\" \/>\n<meta name=\"robots\" content=\"index, follow, max-snippet:-1, max-image-preview:large, max-video-preview:-1\" \/>\n<link rel=\"canonical\" href=\"https:\/\/montefiore.eu\/es\/nuestro-equipo\/\" \/>\n<meta property=\"og:locale\" content=\"es_ES\" \/>\n<meta property=\"og:type\" content=\"article\" \/>\n<meta property=\"og:title\" content=\"Nuestro equipo - Montefiore Investment\" \/>\n<meta property=\"og:description\" content=\"Internationale et compl\u00e9mentaire, notre \u00e9quipe se distingue par la diversit\u00e9 et la richesse de ses expertises.\" \/>\n<meta property=\"og:url\" content=\"https:\/\/montefiore.eu\/es\/nuestro-equipo\/\" \/>\n<meta property=\"og:site_name\" content=\"Montefiore Investment\" \/>\n<meta property=\"article:modified_time\" content=\"2026-04-09T12:51:02+00:00\" \/>\n<meta name=\"twitter:card\" content=\"summary_large_image\" \/>\n<meta name=\"twitter:label1\" content=\"Tiempo de lectura\" \/>\n\t<meta name=\"twitter:data1\" content=\"1 minuto\" \/>\n<script type=\"application\/ld+json\" class=\"yoast-schema-graph\">{\"@context\":\"https:\\\/\\\/schema.org\",\"@graph\":[{\"@type\":\"WebPage\",\"@id\":\"https:\\\/\\\/montefiore.eu\\\/es\\\/nuestro-equipo\\\/\",\"url\":\"https:\\\/\\\/montefiore.eu\\\/es\\\/nuestro-equipo\\\/\",\"name\":\"Nuestro equipo - Montefiore Investment\",\"isPartOf\":{\"@id\":\"https:\\\/\\\/montefiore.eu\\\/es\\\/#website\"},\"datePublished\":\"2023-01-11T12:11:41+00:00\",\"dateModified\":\"2026-04-09T12:51:02+00:00\",\"description\":\"Internationale et compl\u00e9mentaire, notre \u00e9quipe se distingue par la diversit\u00e9 et la richesse de ses expertises.\",\"breadcrumb\":{\"@id\":\"https:\\\/\\\/montefiore.eu\\\/es\\\/nuestro-equipo\\\/#breadcrumb\"},\"inLanguage\":\"es\",\"potentialAction\":[{\"@type\":\"ReadAction\",\"target\":[\"https:\\\/\\\/montefiore.eu\\\/es\\\/nuestro-equipo\\\/\"]}]},{\"@type\":\"BreadcrumbList\",\"@id\":\"https:\\\/\\\/montefiore.eu\\\/es\\\/nuestro-equipo\\\/#breadcrumb\",\"itemListElement\":[{\"@type\":\"ListItem\",\"position\":1,\"name\":\"Home\",\"item\":\"https:\\\/\\\/montefiore.eu\\\/es\\\/\"},{\"@type\":\"ListItem\",\"position\":2,\"name\":\"Nuestro equipo\"}]},{\"@type\":\"WebSite\",\"@id\":\"https:\\\/\\\/montefiore.eu\\\/es\\\/#website\",\"url\":\"https:\\\/\\\/montefiore.eu\\\/es\\\/\",\"name\":\"Montefiore Investment\",\"description\":\"L&#039;investisseur de r\u00e9f\u00e9rence des PME et ETI de services.\",\"potentialAction\":[{\"@type\":\"SearchAction\",\"target\":{\"@type\":\"EntryPoint\",\"urlTemplate\":\"https:\\\/\\\/montefiore.eu\\\/es\\\/?s={search_term_string}\"},\"query-input\":{\"@type\":\"PropertyValueSpecification\",\"valueRequired\":true,\"valueName\":\"search_term_string\"}}],\"inLanguage\":\"es\"}]}<\/script>\n<!-- \/ Yoast SEO plugin. -->","yoast_head_json":{"title":"Nuestro equipo - Montefiore Investment","description":"Internationale et compl\u00e9mentaire, notre \u00e9quipe se distingue par la diversit\u00e9 et la richesse de ses expertises.","robots":{"index":"index","follow":"follow","max-snippet":"max-snippet:-1","max-image-preview":"max-image-preview:large","max-video-preview":"max-video-preview:-1"},"canonical":"https:\/\/montefiore.eu\/es\/nuestro-equipo\/","og_locale":"es_ES","og_type":"article","og_title":"Nuestro equipo - Montefiore Investment","og_description":"Internationale et compl\u00e9mentaire, notre \u00e9quipe se distingue par la diversit\u00e9 et la richesse de ses expertises.","og_url":"https:\/\/montefiore.eu\/es\/nuestro-equipo\/","og_site_name":"Montefiore Investment","article_modified_time":"2026-04-09T12:51:02+00:00","twitter_card":"summary_large_image","twitter_misc":{"Tiempo de lectura":"1 minuto"},"schema":{"@context":"https:\/\/schema.org","@graph":[{"@type":"WebPage","@id":"https:\/\/montefiore.eu\/es\/nuestro-equipo\/","url":"https:\/\/montefiore.eu\/es\/nuestro-equipo\/","name":"Nuestro equipo - Montefiore Investment","isPartOf":{"@id":"https:\/\/montefiore.eu\/es\/#website"},"datePublished":"2023-01-11T12:11:41+00:00","dateModified":"2026-04-09T12:51:02+00:00","description":"Internationale et compl\u00e9mentaire, notre \u00e9quipe se distingue par la diversit\u00e9 et la richesse de ses expertises.","breadcrumb":{"@id":"https:\/\/montefiore.eu\/es\/nuestro-equipo\/#breadcrumb"},"inLanguage":"es","potentialAction":[{"@type":"ReadAction","target":["https:\/\/montefiore.eu\/es\/nuestro-equipo\/"]}]},{"@type":"BreadcrumbList","@id":"https:\/\/montefiore.eu\/es\/nuestro-equipo\/#breadcrumb","itemListElement":[{"@type":"ListItem","position":1,"name":"Home","item":"https:\/\/montefiore.eu\/es\/"},{"@type":"ListItem","position":2,"name":"Nuestro equipo"}]},{"@type":"WebSite","@id":"https:\/\/montefiore.eu\/es\/#website","url":"https:\/\/montefiore.eu\/es\/","name":"Montefiore Investment","description":"L&#039;investisseur de r\u00e9f\u00e9rence des PME et ETI de services.","potentialAction":[{"@type":"SearchAction","target":{"@type":"EntryPoint","urlTemplate":"https:\/\/montefiore.eu\/es\/?s={search_term_string}"},"query-input":{"@type":"PropertyValueSpecification","valueRequired":true,"valueName":"search_term_string"}}],"inLanguage":"es"}]}},"_links":{"self":[{"href":"https:\/\/montefiore.eu\/es\/wp-json\/wp\/v2\/pages\/12982","targetHints":{"allow":["GET"]}}],"collection":[{"href":"https:\/\/montefiore.eu\/es\/wp-json\/wp\/v2\/pages"}],"about":[{"href":"https:\/\/montefiore.eu\/es\/wp-json\/wp\/v2\/types\/page"}],"author":[{"embeddable":true,"href":"https:\/\/montefiore.eu\/es\/wp-json\/wp\/v2\/users\/1"}],"replies":[{"embeddable":true,"href":"https:\/\/montefiore.eu\/es\/wp-json\/wp\/v2\/comments?post=12982"}],"version-history":[{"count":6,"href":"https:\/\/montefiore.eu\/es\/wp-json\/wp\/v2\/pages\/12982\/revisions"}],"predecessor-version":[{"id":14210,"href":"https:\/\/montefiore.eu\/es\/wp-json\/wp\/v2\/pages\/12982\/revisions\/14210"}],"wp:attachment":[{"href":"https:\/\/montefiore.eu\/es\/wp-json\/wp\/v2\/media?parent=12982"}],"curies":[{"name":"wp","href":"https:\/\/api.w.org\/{rel}","templated":true}]}}